{"id":2245,"date":"2025-11-14T21:02:55","date_gmt":"2025-11-15T00:02:55","guid":{"rendered":"https:\/\/forjasul.com.br\/descargar\/"},"modified":"2025-12-12T18:43:00","modified_gmt":"2025-12-12T21:43:00","slug":"descargar","status":"publish","type":"page","link":"https:\/\/forjasul.com.br\/es\/descargar\/","title":{"rendered":"Descargar"},"content":{"rendered":"\t\t<div data-elementor-type=\"wp-page\" data-elementor-id=\"2245\" class=\"elementor elementor-2245 elementor-1141\" data-elementor-post-type=\"page\">\n\t\t\t\t\t\t<section class=\"elementor-section elementor-top-section elementor-element elementor-element-a489513 elementor-section-boxed elementor-section-height-default elementor-section-height-default\" data-id=\"a489513\" data-element_type=\"section\" data-settings=\"{&quot;background_background&quot;:&quot;classic&quot;}\">\n\t\t\t\t\t\t<div class=\"elementor-container elementor-column-gap-default\">\n\t\t\t\t\t<div class=\"elementor-column elementor-col-33 elementor-top-column elementor-element elementor-element-51f836e\" data-id=\"51f836e\" data-element_type=\"column\" data-settings=\"{&quot;background_background&quot;:&quot;classic&quot;}\">\n\t\t\t<div class=\"elementor-widget-wrap elementor-element-populated\">\n\t\t\t\t\t\t<div class=\"elementor-element elementor-element-2ea0af6 elementor-widget elementor-widget-heading\" data-id=\"2ea0af6\" data-element_type=\"widget\" data-widget_type=\"heading.default\">\n\t\t\t\t<div class=\"elementor-widget-container\">\n\t\t\t\t\t<h2 class=\"elementor-heading-title elementor-size-default\">Accede a nuestro<br>cat\u00e1logo<br>bienes<\/h2>\t\t\t\t<\/div>\n\t\t\t\t<\/div>\n\t\t\t\t\t<\/div>\n\t\t<\/div>\n\t\t\t\t<div class=\"elementor-column elementor-col-66 elementor-top-column elementor-element elementor-element-3c68842\" data-id=\"3c68842\" data-element_type=\"column\">\n\t\t\t<div class=\"elementor-widget-wrap\">\n\t\t\t\t\t\t\t<\/div>\n\t\t<\/div>\n\t\t\t\t\t<\/div>\n\t\t<\/section>\n\t\t\t\t<section class=\"elementor-section elementor-top-section elementor-element elementor-element-9e3c0e0 elementor-section-boxed elementor-section-height-default elementor-section-height-default\" data-id=\"9e3c0e0\" data-element_type=\"section\">\n\t\t\t\t\t\t<div class=\"elementor-container elementor-column-gap-default\">\n\t\t\t\t\t<div class=\"elementor-column elementor-col-100 elementor-top-column elementor-element elementor-element-6a8fe8d\" data-id=\"6a8fe8d\" data-element_type=\"column\">\n\t\t\t<div class=\"elementor-widget-wrap elementor-element-populated\">\n\t\t\t\t\t\t<div class=\"elementor-element elementor-element-17ed89f elementor-widget elementor-widget-heading\" data-id=\"17ed89f\" data-element_type=\"widget\" data-widget_type=\"heading.default\">\n\t\t\t\t<div class=\"elementor-widget-container\">\n\t\t\t\t\t<h2 class=\"elementor-heading-title elementor-size-default\">Cat\u00e1logo de productos de Electrohardware<br>para l\u00edneas de transmisi\u00f3n y subestaciones<\/h2>\t\t\t\t<\/div>\n\t\t\t\t<\/div>\n\t\t\t\t<div class=\"elementor-element elementor-element-fc56f88 elementor-align-center elementor-widget elementor-widget-button\" data-id=\"fc56f88\" data-element_type=\"widget\" data-widget_type=\"button.default\">\n\t\t\t\t<div class=\"elementor-widget-container\">\n\t\t\t\t\t\t\t\t\t<div class=\"elementor-button-wrapper\">\n\t\t\t\t\t<a class=\"elementor-button elementor-button-link elementor-size-sm\" href=\"https:\/\/forjasul.com.br\/wp-content\/uploads\/2025\/11\/ELETROFERRAGEM-A2022_BAIXA-RESOLUCAO.pdf\" target=\"_blank\">\n\t\t\t\t\t\t<span class=\"elementor-button-content-wrapper\">\n\t\t\t\t\t\t\t\t\t<span class=\"elementor-button-text\">Haz clic y descarga el cat\u00e1logo<\/span>\n\t\t\t\t\t<\/span>\n\t\t\t\t\t<\/a>\n\t\t\t\t<\/div>\n\t\t\t\t\t\t\t\t<\/div>\n\t\t\t\t<\/div>\n\t\t\t\t\t<\/div>\n\t\t<\/div>\n\t\t\t\t\t<\/div>\n\t\t<\/section>\n\t\t\t\t<section class=\"elementor-section elementor-top-section elementor-element elementor-element-6a2d3d4 elementor-section-boxed elementor-section-height-default elementor-section-height-default\" data-id=\"6a2d3d4\" data-element_type=\"section\">\n\t\t\t\t\t\t<div class=\"elementor-container elementor-column-gap-default\">\n\t\t\t\t\t<div class=\"elementor-column elementor-col-100 elementor-top-column elementor-element elementor-element-9fa38c7\" data-id=\"9fa38c7\" data-element_type=\"column\">\n\t\t\t<div class=\"elementor-widget-wrap elementor-element-populated\">\n\t\t\t\t\t\t<div class=\"elementor-element elementor-element-84d740e elementor-widget elementor-widget-heading\" data-id=\"84d740e\" data-element_type=\"widget\" data-widget_type=\"heading.default\">\n\t\t\t\t<div class=\"elementor-widget-container\">\n\t\t\t\t\t<h2 class=\"elementor-heading-title elementor-size-default\">Cat\u00e1logo de productos de <br>Herramientas manuales<\/h2>\t\t\t\t<\/div>\n\t\t\t\t<\/div>\n\t\t\t\t<div class=\"elementor-element elementor-element-5724109 elementor-align-center elementor-widget elementor-widget-button\" data-id=\"5724109\" data-element_type=\"widget\" data-widget_type=\"button.default\">\n\t\t\t\t<div class=\"elementor-widget-container\">\n\t\t\t\t\t\t\t\t\t<div class=\"elementor-button-wrapper\">\n\t\t\t\t\t<a class=\"elementor-button elementor-button-link elementor-size-sm\" href=\"https:\/\/forjasul.com.br\/wp-content\/uploads\/2025\/11\/FORJASUL-CATALOGO-DE-FERRAMENTA-2022_BAIXA-RESOLUCAO.pdf\" target=\"_blank\">\n\t\t\t\t\t\t<span class=\"elementor-button-content-wrapper\">\n\t\t\t\t\t\t\t\t\t<span class=\"elementor-button-text\">Haz clic y descarga el cat\u00e1logo<\/span>\n\t\t\t\t\t<\/span>\n\t\t\t\t\t<\/a>\n\t\t\t\t<\/div>\n\t\t\t\t\t\t\t\t<\/div>\n\t\t\t\t<\/div>\n\t\t\t\t\t<\/div>\n\t\t<\/div>\n\t\t\t\t\t<\/div>\n\t\t<\/section>\n\t\t\t\t<section class=\"elementor-section elementor-top-section elementor-element elementor-element-6a37e48 elementor-section-boxed elementor-section-height-default elementor-section-height-default\" data-id=\"6a37e48\" data-element_type=\"section\">\n\t\t\t\t\t\t<div class=\"elementor-container elementor-column-gap-default\">\n\t\t\t\t\t<div class=\"elementor-column elementor-col-100 elementor-top-column elementor-element elementor-element-916d837\" data-id=\"916d837\" data-element_type=\"column\">\n\t\t\t<div class=\"elementor-widget-wrap elementor-element-populated\">\n\t\t\t\t\t\t<div class=\"elementor-element elementor-element-b9a3608 elementor-widget elementor-widget-heading\" data-id=\"b9a3608\" data-element_type=\"widget\" data-widget_type=\"heading.default\">\n\t\t\t\t<div class=\"elementor-widget-container\">\n\t\t\t\t\t<h2 class=\"elementor-heading-title elementor-size-default\">Cat\u00e1logo de productos de Hooks<br> para manipulaci\u00f3n de materiales<\/h2>\t\t\t\t<\/div>\n\t\t\t\t<\/div>\n\t\t\t\t<div class=\"elementor-element elementor-element-83842b5 elementor-align-center elementor-widget elementor-widget-button\" data-id=\"83842b5\" data-element_type=\"widget\" data-widget_type=\"button.default\">\n\t\t\t\t<div class=\"elementor-widget-container\">\n\t\t\t\t\t\t\t\t\t<div class=\"elementor-button-wrapper\">\n\t\t\t\t\t<a class=\"elementor-button elementor-button-link elementor-size-sm\" href=\"https:\/\/forjasul.com.br\/wp-content\/uploads\/2025\/11\/FOLHETO-ATUALIZADO-GANCHOS-2024.pdf\" target=\"_blank\">\n\t\t\t\t\t\t<span class=\"elementor-button-content-wrapper\">\n\t\t\t\t\t\t\t\t\t<span class=\"elementor-button-text\">Haz clic y descarga el cat\u00e1logo<\/span>\n\t\t\t\t\t<\/span>\n\t\t\t\t\t<\/a>\n\t\t\t\t<\/div>\n\t\t\t\t\t\t\t\t<\/div>\n\t\t\t\t<\/div>\n\t\t\t\t\t<\/div>\n\t\t<\/div>\n\t\t\t\t\t<\/div>\n\t\t<\/section>\n\t\t\t\t<\/div>\n\t\t","protected":false},"excerpt":{"rendered":"<p>Accede a nuestrocat\u00e1logobienes Cat\u00e1logo de productos de Electrohardwarepara l\u00edneas de transmisi\u00f3n y subestaciones Haz clic y descarga el cat\u00e1logo Cat\u00e1logo de productos de Herramientas manuales Haz clic y descarga el cat\u00e1logo Cat\u00e1logo de productos de Hooks para manipulaci\u00f3n de materiales Haz clic y descarga el cat\u00e1logo<\/p>\n","protected":false},"author":4,"featured_media":0,"parent":0,"menu_order":0,"comment_status":"closed","ping_status":"closed","template":"elementor_header_footer","meta":{"_monsterinsights_skip_tracking":false,"_monsterinsights_sitenote_active":false,"_monsterinsights_sitenote_note":"","_monsterinsights_sitenote_category":0,"footnotes":""},"class_list":["post-2245","page","type-page","status-publish","hentry","entry"],"yoast_head":"<!-- This site is optimized with the Yoast SEO plugin v26.5 - https:\/\/yoast.com\/wordpress\/plugins\/seo\/ -->\n<title>Descargar - Forjasul<\/title>\n<meta name=\"robots\" content=\"index, follow, max-snippet:-1, max-image-preview:large, max-video-preview:-1\" \/>\n<link rel=\"canonical\" href=\"https:\/\/forjasul.com.br\/es\/descargar\/\" \/>\n<meta property=\"og:locale\" content=\"es_ES\" \/>\n<meta property=\"og:type\" content=\"article\" \/>\n<meta property=\"og:title\" content=\"Descargar - Forjasul\" \/>\n<meta property=\"og:description\" content=\"Accede a nuestrocat\u00e1logobienes Cat\u00e1logo de productos de Electrohardwarepara l\u00edneas de transmisi\u00f3n y subestaciones Haz clic y descarga el cat\u00e1logo Cat\u00e1logo de productos de Herramientas manuales Haz clic y descarga el cat\u00e1logo Cat\u00e1logo de productos de Hooks para manipulaci\u00f3n de materiales Haz clic y descarga el cat\u00e1logo\" \/>\n<meta property=\"og:url\" content=\"https:\/\/forjasul.com.br\/es\/descargar\/\" \/>\n<meta property=\"og:site_name\" content=\"Forjasul\" \/>\n<meta property=\"article:modified_time\" content=\"2025-12-12T21:43:00+00:00\" \/>\n<meta name=\"twitter:card\" content=\"summary_large_image\" \/>\n<script type=\"application\/ld+json\" class=\"yoast-schema-graph\">{\"@context\":\"https:\/\/schema.org\",\"@graph\":[{\"@type\":\"WebPage\",\"@id\":\"https:\/\/forjasul.com.br\/es\/descargar\/\",\"url\":\"https:\/\/forjasul.com.br\/es\/descargar\/\",\"name\":\"Descargar - Forjasul\",\"isPartOf\":{\"@id\":\"https:\/\/forjasul.com.br\/es\/#website\"},\"datePublished\":\"2025-11-15T00:02:55+00:00\",\"dateModified\":\"2025-12-12T21:43:00+00:00\",\"breadcrumb\":{\"@id\":\"https:\/\/forjasul.com.br\/es\/descargar\/#breadcrumb\"},\"inLanguage\":\"es-ES\",\"potentialAction\":[{\"@type\":\"ReadAction\",\"target\":[\"https:\/\/forjasul.com.br\/es\/descargar\/\"]}]},{\"@type\":\"BreadcrumbList\",\"@id\":\"https:\/\/forjasul.com.br\/es\/descargar\/#breadcrumb\",\"itemListElement\":[{\"@type\":\"ListItem\",\"position\":1,\"name\":\"Home\",\"item\":\"https:\/\/forjasul.com.br\/es\/\"},{\"@type\":\"ListItem\",\"position\":2,\"name\":\"Descargar\"}]},{\"@type\":\"WebSite\",\"@id\":\"https:\/\/forjasul.com.br\/es\/#website\",\"url\":\"https:\/\/forjasul.com.br\/es\/\",\"name\":\"Forjasul\",\"description\":\"\",\"publisher\":{\"@id\":\"https:\/\/forjasul.com.br\/es\/#organization\"},\"potentialAction\":[{\"@type\":\"SearchAction\",\"target\":{\"@type\":\"EntryPoint\",\"urlTemplate\":\"https:\/\/forjasul.com.br\/es\/?s={search_term_string}\"},\"query-input\":{\"@type\":\"PropertyValueSpecification\",\"valueRequired\":true,\"valueName\":\"search_term_string\"}}],\"inLanguage\":\"es-ES\"},{\"@type\":\"Organization\",\"@id\":\"https:\/\/forjasul.com.br\/es\/#organization\",\"name\":\"Forjasul\",\"url\":\"https:\/\/forjasul.com.br\/es\/\",\"logo\":{\"@type\":\"ImageObject\",\"inLanguage\":\"es-ES\",\"@id\":\"https:\/\/forjasul.com.br\/es\/#\/schema\/logo\/image\/\",\"url\":\"https:\/\/forjasul.com.br\/wp-content\/uploads\/2021\/10\/LogoHeader.png\",\"contentUrl\":\"https:\/\/forjasul.com.br\/wp-content\/uploads\/2021\/10\/LogoHeader.png\",\"width\":271,\"height\":66,\"caption\":\"Forjasul\"},\"image\":{\"@id\":\"https:\/\/forjasul.com.br\/es\/#\/schema\/logo\/image\/\"}}]}<\/script>\n<!-- \/ Yoast SEO plugin. -->","yoast_head_json":{"title":"Descargar - Forjasul","robots":{"index":"index","follow":"follow","max-snippet":"max-snippet:-1","max-image-preview":"max-image-preview:large","max-video-preview":"max-video-preview:-1"},"canonical":"https:\/\/forjasul.com.br\/es\/descargar\/","og_locale":"es_ES","og_type":"article","og_title":"Descargar - Forjasul","og_description":"Accede a nuestrocat\u00e1logobienes Cat\u00e1logo de productos de Electrohardwarepara l\u00edneas de transmisi\u00f3n y subestaciones Haz clic y descarga el cat\u00e1logo Cat\u00e1logo de productos de Herramientas manuales Haz clic y descarga el cat\u00e1logo Cat\u00e1logo de productos de Hooks para manipulaci\u00f3n de materiales Haz clic y descarga el cat\u00e1logo","og_url":"https:\/\/forjasul.com.br\/es\/descargar\/","og_site_name":"Forjasul","article_modified_time":"2025-12-12T21:43:00+00:00","twitter_card":"summary_large_image","schema":{"@context":"https:\/\/schema.org","@graph":[{"@type":"WebPage","@id":"https:\/\/forjasul.com.br\/es\/descargar\/","url":"https:\/\/forjasul.com.br\/es\/descargar\/","name":"Descargar - Forjasul","isPartOf":{"@id":"https:\/\/forjasul.com.br\/es\/#website"},"datePublished":"2025-11-15T00:02:55+00:00","dateModified":"2025-12-12T21:43:00+00:00","breadcrumb":{"@id":"https:\/\/forjasul.com.br\/es\/descargar\/#breadcrumb"},"inLanguage":"es-ES","potentialAction":[{"@type":"ReadAction","target":["https:\/\/forjasul.com.br\/es\/descargar\/"]}]},{"@type":"BreadcrumbList","@id":"https:\/\/forjasul.com.br\/es\/descargar\/#breadcrumb","itemListElement":[{"@type":"ListItem","position":1,"name":"Home","item":"https:\/\/forjasul.com.br\/es\/"},{"@type":"ListItem","position":2,"name":"Descargar"}]},{"@type":"WebSite","@id":"https:\/\/forjasul.com.br\/es\/#website","url":"https:\/\/forjasul.com.br\/es\/","name":"Forjasul","description":"","publisher":{"@id":"https:\/\/forjasul.com.br\/es\/#organization"},"potentialAction":[{"@type":"SearchAction","target":{"@type":"EntryPoint","urlTemplate":"https:\/\/forjasul.com.br\/es\/?s={search_term_string}"},"query-input":{"@type":"PropertyValueSpecification","valueRequired":true,"valueName":"search_term_string"}}],"inLanguage":"es-ES"},{"@type":"Organization","@id":"https:\/\/forjasul.com.br\/es\/#organization","name":"Forjasul","url":"https:\/\/forjasul.com.br\/es\/","logo":{"@type":"ImageObject","inLanguage":"es-ES","@id":"https:\/\/forjasul.com.br\/es\/#\/schema\/logo\/image\/","url":"https:\/\/forjasul.com.br\/wp-content\/uploads\/2021\/10\/LogoHeader.png","contentUrl":"https:\/\/forjasul.com.br\/wp-content\/uploads\/2021\/10\/LogoHeader.png","width":271,"height":66,"caption":"Forjasul"},"image":{"@id":"https:\/\/forjasul.com.br\/es\/#\/schema\/logo\/image\/"}}]}},"_links":{"self":[{"href":"https:\/\/forjasul.com.br\/es\/wp-json\/wp\/v2\/pages\/2245","targetHints":{"allow":["GET"]}}],"collection":[{"href":"https:\/\/forjasul.com.br\/es\/wp-json\/wp\/v2\/pages"}],"about":[{"href":"https:\/\/forjasul.com.br\/es\/wp-json\/wp\/v2\/types\/page"}],"author":[{"embeddable":true,"href":"https:\/\/forjasul.com.br\/es\/wp-json\/wp\/v2\/users\/4"}],"replies":[{"embeddable":true,"href":"https:\/\/forjasul.com.br\/es\/wp-json\/wp\/v2\/comments?post=2245"}],"version-history":[{"count":2,"href":"https:\/\/forjasul.com.br\/es\/wp-json\/wp\/v2\/pages\/2245\/revisions"}],"predecessor-version":[{"id":3524,"href":"https:\/\/forjasul.com.br\/es\/wp-json\/wp\/v2\/pages\/2245\/revisions\/3524"}],"wp:attachment":[{"href":"https:\/\/forjasul.com.br\/es\/wp-json\/wp\/v2\/media?parent=2245"}],"curies":[{"name":"wp","href":"https:\/\/api.w.org\/{rel}","templated":true}]}}